{"id":92,"date":"2023-08-08T13:48:29","date_gmt":"2023-08-08T13:48:29","guid":{"rendered":"https:\/\/upwyse.co\/kg\/?page_id=92"},"modified":"2024-01-17T09:59:39","modified_gmt":"2024-01-17T15:59:39","slug":"nuestra-firma","status":"publish","type":"page","link":"https:\/\/www.k-g.com.mx\/en\/nuestra-firma\/","title":{"rendered":"Our Firm"},"content":{"rendered":"<div data-elementor-type=\"wp-page\" data-elementor-id=\"92\" class=\"elementor elementor-92\">\n\t\t\t\t\t\t<section class=\"elementor-section elementor-top-section elementor-element elementor-element-35c9dfb elementor-section-stretched elementor-section-boxed elementor-section-height-default elementor-section-height-default\" data-id=\"35c9dfb\" data-element_type=\"section\" data-settings=\"{&quot;stretch_section&quot;:&quot;section-stretched&quot;,&quot;jet_parallax_layout_list&quot;:[],&quot;background_background&quot;:&quot;classic&quot;}\">\n\t\t\t\t\t\t<div class=\"elementor-container elementor-column-gap-default\">\n\t\t\t\t\t<div class=\"elementor-column elementor-col-100 elementor-top-column elementor-element elementor-element-d447476 elementor-invisible\" data-id=\"d447476\" data-element_type=\"column\" data-settings=\"{&quot;background_background&quot;:&quot;classic&quot;,&quot;animation&quot;:&quot;fadeIn&quot;}\">\n\t\t\t<div class=\"elementor-widget-wrap elementor-element-populated\">\n\t\t\t\t\t\t<section class=\"elementor-section elementor-inner-section elementor-element elementor-element-c7d5b3b elementor-section-boxed elementor-section-height-default elementor-section-height-default\" data-id=\"c7d5b3b\" data-element_type=\"section\" data-settings=\"{&quot;jet_parallax_layout_list&quot;:[]}\">\n\t\t\t\t\t\t<div class=\"elementor-container elementor-column-gap-default\">\n\t\t\t\t\t<div class=\"elementor-column elementor-col-33 elementor-inner-column elementor-element elementor-element-e3b8e1d\" data-id=\"e3b8e1d\" data-element_type=\"column\">\n\t\t\t<div class=\"elementor-widget-wrap elementor-element-populated\">\n\t\t\t\t\t\t<div class=\"elementor-element elementor-element-81b0ab4 elementor-invisible elementor-widget elementor-widget-heading\" data-id=\"81b0ab4\" data-element_type=\"widget\" data-settings=\"{&quot;_animation&quot;:&quot;fadeInUp&quot;}\" data-widget_type=\"heading.default\">\n\t\t\t\t<div class=\"elementor-widget-container\">\n\t\t\t\t\t<h2 class=\"elementor-heading-title elementor-size-default\">ABOUT US\n\n<\/h2>\t\t\t\t<\/div>\n\t\t\t\t<\/div>\n\t\t\t\t\t<\/div>\n\t\t<\/div>\n\t\t\t\t<div class=\"elementor-column elementor-col-66 elementor-inner-column elementor-element elementor-element-8dd949d\" data-id=\"8dd949d\" data-element_type=\"column\">\n\t\t\t<div class=\"elementor-widget-wrap elementor-element-populated\">\n\t\t\t\t\t\t<div class=\"elementor-element elementor-element-04f0f41 elementor-widget elementor-widget-text-editor\" data-id=\"04f0f41\" data-element_type=\"widget\" data-widget_type=\"text-editor.default\">\n\t\t\t\t<div class=\"elementor-widget-container\">\n\t\t\t\t\t\t\t\t\tOur Firm provides legal and tax services under the highest standards, focusing on personalized attention to our clients and contributing to their growth and development. We design, structure, and execute different alternatives and strategies in order to obtain more favorable results and mitigate contingencies.\n\n\t\t\t\t\t\t\t\t<\/div>\n\t\t\t\t<\/div>\n\t\t\t\t\t<\/div>\n\t\t<\/div>\n\t\t\t\t\t<\/div>\n\t\t<\/section>\n\t\t\t\t\t<\/div>\n\t\t<\/div>\n\t\t\t\t\t<\/div>\n\t\t<\/section>\n\t\t\t\t<section class=\"elementor-section elementor-top-section elementor-element elementor-element-74c353f elementor-section-stretched elementor-section-boxed elementor-section-height-default elementor-section-height-default\" data-id=\"74c353f\" data-element_type=\"section\" data-settings=\"{&quot;stretch_section&quot;:&quot;section-stretched&quot;,&quot;jet_parallax_layout_list&quot;:[],&quot;background_background&quot;:&quot;classic&quot;}\">\n\t\t\t\t\t\t<div class=\"elementor-container elementor-column-gap-default\">\n\t\t\t\t\t<div class=\"elementor-column elementor-col-33 elementor-top-column elementor-element elementor-element-4b3312a\" data-id=\"4b3312a\" data-element_type=\"column\">\n\t\t\t<div class=\"elementor-widget-wrap elementor-element-populated\">\n\t\t\t\t\t\t<div class=\"elementor-element elementor-element-dee1151 elementor-invisible elementor-widget elementor-widget-heading\" data-id=\"dee1151\" data-element_type=\"widget\" data-settings=\"{&quot;_animation&quot;:&quot;fadeInUp&quot;}\" data-widget_type=\"heading.default\">\n\t\t\t\t<div class=\"elementor-widget-container\">\n\t\t\t\t\t<h2 class=\"elementor-heading-title elementor-size-default\">OUR FIRM\n\n\n<\/h2>\t\t\t\t<\/div>\n\t\t\t\t<\/div>\n\t\t\t\t\t<\/div>\n\t\t<\/div>\n\t\t\t\t<div class=\"elementor-column elementor-col-66 elementor-top-column elementor-element elementor-element-9e5a658\" data-id=\"9e5a658\" data-element_type=\"column\">\n\t\t\t<div class=\"elementor-widget-wrap elementor-element-populated\">\n\t\t\t\t\t\t<div class=\"elementor-element elementor-element-ceb61aa elementor-widget elementor-widget-text-editor\" data-id=\"ceb61aa\" data-element_type=\"widget\" data-widget_type=\"text-editor.default\">\n\t\t\t\t<div class=\"elementor-widget-container\">\n\t\t\t\t\t\t\t\t\t<div class=\"et_pb_row et_pb_row_2 et_pb_equal_columns et_pb_gutters1\"><div class=\"et_pb_column et_pb_column_3_5 et_pb_column_4  et_pb_css_mix_blend_mode_passthrough et-last-child\"><div class=\"et_pb_module et_pb_text et_pb_text_3  et_pb_text_align_left et_pb_bg_layout_light\"><div class=\"et_pb_text_inner\"><p><span style=\"color: #00cc99;\">Kavanagh Gorozpe<\/span>\u00a0is a multidisciplinary firm specialized in Tax, M&amp;A, Corporate, Financial, Regulatory, Civil, and Commercial Law, as well as Arbitration. We offer our clients, both national and international, services with a comprehensive vision, facing the current market challenges in Mexico. Our commitment to our clients focuses on continuous innovation, positioning ourselves as a leading firm within the industry.<\/p><\/div><\/div><\/div><\/div><div class=\"et_pb_row et_pb_row_3 et_pb_equal_columns et_pb_gutters2\"><div class=\"et_pb_column et_pb_column_1_2 et_pb_column_5  et_pb_css_mix_blend_mode_passthrough\"><div class=\"et_pb_module et_pb_text et_pb_text_4  et_pb_text_align_left et_pb_bg_layout_light\"><div class=\"et_pb_text_inner\">\u00a0<\/div><\/div><\/div><\/div>\t\t\t\t\t\t\t\t<\/div>\n\t\t\t\t<\/div>\n\t\t\t\t\t<\/div>\n\t\t<\/div>\n\t\t\t\t\t<\/div>\n\t\t<\/section>\n\t\t\t\t<section class=\"elementor-section elementor-top-section elementor-element elementor-element-ec61ec8 elementor-section-stretched elementor-section-boxed elementor-section-height-default elementor-section-height-default\" data-id=\"ec61ec8\" data-element_type=\"section\" data-settings=\"{&quot;stretch_section&quot;:&quot;section-stretched&quot;,&quot;jet_parallax_layout_list&quot;:[],&quot;background_background&quot;:&quot;classic&quot;}\">\n\t\t\t\t\t\t<div class=\"elementor-container elementor-column-gap-default\">\n\t\t\t\t\t<div class=\"elementor-column elementor-col-50 elementor-top-column elementor-element elementor-element-e7faa3e\" data-id=\"e7faa3e\" data-element_type=\"column\" data-settings=\"{&quot;background_background&quot;:&quot;classic&quot;}\">\n\t\t\t<div class=\"elementor-widget-wrap elementor-element-populated\">\n\t\t\t\t\t\t<div class=\"elementor-element elementor-element-789bd30 elementor-invisible elementor-widget elementor-widget-heading\" data-id=\"789bd30\" data-element_type=\"widget\" data-settings=\"{&quot;_animation&quot;:&quot;fadeInUp&quot;}\" data-widget_type=\"heading.default\">\n\t\t\t\t<div class=\"elementor-widget-container\">\n\t\t\t\t\t<h2 class=\"elementor-heading-title elementor-size-default\">PRO BONO\n\n<\/h2>\t\t\t\t<\/div>\n\t\t\t\t<\/div>\n\t\t\t\t<div class=\"elementor-element elementor-element-b72ace1 elementor-widget elementor-widget-text-editor\" data-id=\"b72ace1\" data-element_type=\"widget\" data-widget_type=\"text-editor.default\">\n\t\t\t\t<div class=\"elementor-widget-container\">\n\t\t\t\t\t\t\t\t\t<div class=\"et_pb_column et_pb_column_1_2 et_pb_column_5  et_pb_css_mix_blend_mode_passthrough\"><div class=\"et_pb_module et_pb_text et_pb_text_4  et_pb_text_align_left et_pb_bg_layout_light\"><div class=\"et_pb_text_inner\"><p>The Firm maintains a social responsibility program seeking the attention to, and resolution of, social issues that promote the growth and development of Mexico, for the benefit of certain vulnerable sectors of the population.<\/p><\/div><\/div><\/div><div class=\"et_pb_column et_pb_column_1_2 et_pb_column_6  et_pb_css_mix_blend_mode_passthrough et-last-child\"><div class=\"et_pb_module et_pb_text et_pb_text_5  et_pb_text_align_left et_pb_bg_layout_light\"><div class=\"et_pb_text_inner\">\u00a0<\/div><\/div><\/div>\t\t\t\t\t\t\t\t<\/div>\n\t\t\t\t<\/div>\n\t\t\t\t\t<\/div>\n\t\t<\/div>\n\t\t\t\t<div class=\"elementor-column elementor-col-50 elementor-top-column elementor-element elementor-element-079dc9a\" data-id=\"079dc9a\" data-element_type=\"column\" data-settings=\"{&quot;background_background&quot;:&quot;classic&quot;}\">\n\t\t\t<div class=\"elementor-widget-wrap elementor-element-populated\">\n\t\t\t\t\t\t<div class=\"elementor-element elementor-element-39a5f6d elementor-invisible elementor-widget elementor-widget-heading\" data-id=\"39a5f6d\" data-element_type=\"widget\" data-settings=\"{&quot;_animation&quot;:&quot;fadeInUp&quot;}\" data-widget_type=\"heading.default\">\n\t\t\t\t<div class=\"elementor-widget-container\">\n\t\t\t\t\t<h2 class=\"elementor-heading-title elementor-size-default\">DIVERSITY\n<\/h2>\t\t\t\t<\/div>\n\t\t\t\t<\/div>\n\t\t\t\t<div class=\"elementor-element elementor-element-5dcb02c elementor-widget elementor-widget-text-editor\" data-id=\"5dcb02c\" data-element_type=\"widget\" data-widget_type=\"text-editor.default\">\n\t\t\t\t<div class=\"elementor-widget-container\">\n\t\t\t\t\t\t\t\t\t<div class=\"et_pb_section et_pb_section_2 et_pb_with_background et_section_regular\"><div class=\"et_pb_row et_pb_row_3 et_pb_equal_columns et_pb_gutters2\"><div class=\"et_pb_column et_pb_column_1_2 et_pb_column_6  et_pb_css_mix_blend_mode_passthrough et-last-child\"><div class=\"et_pb_module et_pb_text et_pb_text_5  et_pb_text_align_left et_pb_bg_layout_light\"><div class=\"et_pb_text_inner\"><p>The values of professionalism, respect, ethics, and work in the <span style=\"color: #00cc99;\">Kavanagh Gorozpe<\/span> team commit us to social development and the fulfillment of human potential, without making any distinction with regards to gender, ethnic origin, social or economic condition, sexual orientation, physical or health condition, religion, and\/or political affiliation.<\/p><\/div><\/div><\/div><\/div><\/div>\t\t\t\t\t\t\t\t<\/div>\n\t\t\t\t<\/div>\n\t\t\t\t\t<\/div>\n\t\t<\/div>\n\t\t\t\t\t<\/div>\n\t\t<\/section>\n\t\t\t\t<\/div>","protected":false},"excerpt":{"rendered":"<p>NOSOTROS Nuestra Firma se dedica a la prestaci\u00f3n de servicios legales y fiscales bajo los m\u00e1s altos est\u00e1ndares de calidad, enfocados en brindar atenci\u00f3n personalizada a nuestros clientes para contribuir a su crecimiento y desarrollo; estructurando, implementando y ejecutando diversas alternativas y estrategias con la finalidad de obtener resultados m\u00e1s favorables y mitigar contingencias, logrando [&hellip;]<\/p>","protected":false},"author":1,"featured_media":0,"parent":0,"menu_order":0,"comment_status":"closed","ping_status":"closed","template":"","meta":{"_acf_changed":false,"footnotes":""},"class_list":["post-92","page","type-page","status-publish","hentry"],"acf":[],"yoast_head":"<!-- This site is optimized with the Yoast SEO plugin v25.3.1 - https:\/\/yoast.com\/wordpress\/plugins\/seo\/ -->\n<title>Nuestra Firma - KAVANAGH | GOROZPE<\/title>\n<meta name=\"robots\" content=\"index, follow, max-snippet:-1, max-image-preview:large, max-video-preview:-1\" \/>\n<link rel=\"canonical\" href=\"https:\/\/www.k-g.com.mx\/en\/nuestra-firma\/\" \/>\n<meta property=\"og:locale\" content=\"en_US\" \/>\n<meta property=\"og:type\" content=\"article\" \/>\n<meta property=\"og:title\" content=\"Nuestra Firma - KAVANAGH | GOROZPE\" \/>\n<meta property=\"og:description\" content=\"NOSOTROS Nuestra Firma se dedica a la prestaci\u00f3n de servicios legales y fiscales bajo los m\u00e1s altos est\u00e1ndares de calidad, enfocados en brindar atenci\u00f3n personalizada a nuestros clientes para contribuir a su crecimiento y desarrollo; estructurando, implementando y ejecutando diversas alternativas y estrategias con la finalidad de obtener resultados m\u00e1s favorables y mitigar contingencias, logrando [&hellip;]\" \/>\n<meta property=\"og:url\" content=\"https:\/\/www.k-g.com.mx\/en\/nuestra-firma\/\" \/>\n<meta property=\"og:site_name\" content=\"KAVANAGH | GOROZPE\" \/>\n<meta property=\"article:publisher\" content=\"https:\/\/www.facebook.com\/KavanaghGorozpe\/\" \/>\n<meta property=\"article:modified_time\" content=\"2024-01-17T15:59:39+00:00\" \/>\n<meta name=\"twitter:card\" content=\"summary_large_image\" \/>\n<meta name=\"twitter:label1\" content=\"Est. reading time\" \/>\n\t<meta name=\"twitter:data1\" content=\"2 minutes\" \/>\n<script type=\"application\/ld+json\" class=\"yoast-schema-graph\">{\"@context\":\"https:\/\/schema.org\",\"@graph\":[{\"@type\":\"WebPage\",\"@id\":\"https:\/\/www.k-g.com.mx\/nuestra-firma\/\",\"url\":\"https:\/\/www.k-g.com.mx\/nuestra-firma\/\",\"name\":\"Nuestra Firma - KAVANAGH | GOROZPE\",\"isPartOf\":{\"@id\":\"https:\/\/www.k-g.com.mx\/#website\"},\"datePublished\":\"2023-08-08T13:48:29+00:00\",\"dateModified\":\"2024-01-17T15:59:39+00:00\",\"breadcrumb\":{\"@id\":\"https:\/\/www.k-g.com.mx\/nuestra-firma\/#breadcrumb\"},\"inLanguage\":\"en-US\",\"potentialAction\":[{\"@type\":\"ReadAction\",\"target\":[\"https:\/\/www.k-g.com.mx\/nuestra-firma\/\"]}]},{\"@type\":\"BreadcrumbList\",\"@id\":\"https:\/\/www.k-g.com.mx\/nuestra-firma\/#breadcrumb\",\"itemListElement\":[{\"@type\":\"ListItem\",\"position\":1,\"name\":\"Inicio\",\"item\":\"https:\/\/www.k-g.com.mx\/\"},{\"@type\":\"ListItem\",\"position\":2,\"name\":\"Nuestra Firma\"}]},{\"@type\":\"WebSite\",\"@id\":\"https:\/\/www.k-g.com.mx\/#website\",\"url\":\"https:\/\/www.k-g.com.mx\/\",\"name\":\"KAVANAGH | GOROZPE\",\"description\":\"\",\"publisher\":{\"@id\":\"https:\/\/www.k-g.com.mx\/#organization\"},\"potentialAction\":[{\"@type\":\"SearchAction\",\"target\":{\"@type\":\"EntryPoint\",\"urlTemplate\":\"https:\/\/www.k-g.com.mx\/?s={search_term_string}\"},\"query-input\":{\"@type\":\"PropertyValueSpecification\",\"valueRequired\":true,\"valueName\":\"search_term_string\"}}],\"inLanguage\":\"en-US\"},{\"@type\":\"Organization\",\"@id\":\"https:\/\/www.k-g.com.mx\/#organization\",\"name\":\"Kavanagh Gorozpe\",\"url\":\"https:\/\/www.k-g.com.mx\/\",\"logo\":{\"@type\":\"ImageObject\",\"inLanguage\":\"en-US\",\"@id\":\"https:\/\/www.k-g.com.mx\/#\/schema\/logo\/image\/\",\"url\":\"https:\/\/www.k-g.com.mx\/wp-content\/uploads\/2023\/08\/Grupo-2.svg\",\"contentUrl\":\"https:\/\/www.k-g.com.mx\/wp-content\/uploads\/2023\/08\/Grupo-2.svg\",\"width\":345.626,\"height\":105.755,\"caption\":\"Kavanagh Gorozpe\"},\"image\":{\"@id\":\"https:\/\/www.k-g.com.mx\/#\/schema\/logo\/image\/\"},\"sameAs\":[\"https:\/\/www.facebook.com\/KavanaghGorozpe\/\",\"https:\/\/www.linkedin.com\/company\/kavanagh-gorozpe\/\",\"https:\/\/www.instagram.com\/kavanagh.gorozpe\/\"]}]}<\/script>\n<!-- \/ Yoast SEO plugin. -->","yoast_head_json":{"title":"Nuestra Firma - KAVANAGH | GOROZPE","robots":{"index":"index","follow":"follow","max-snippet":"max-snippet:-1","max-image-preview":"max-image-preview:large","max-video-preview":"max-video-preview:-1"},"canonical":"https:\/\/www.k-g.com.mx\/en\/nuestra-firma\/","og_locale":"en_US","og_type":"article","og_title":"Nuestra Firma - KAVANAGH | GOROZPE","og_description":"NOSOTROS Nuestra Firma se dedica a la prestaci\u00f3n de servicios legales y fiscales bajo los m\u00e1s altos est\u00e1ndares de calidad, enfocados en brindar atenci\u00f3n personalizada a nuestros clientes para contribuir a su crecimiento y desarrollo; estructurando, implementando y ejecutando diversas alternativas y estrategias con la finalidad de obtener resultados m\u00e1s favorables y mitigar contingencias, logrando [&hellip;]","og_url":"https:\/\/www.k-g.com.mx\/en\/nuestra-firma\/","og_site_name":"KAVANAGH | GOROZPE","article_publisher":"https:\/\/www.facebook.com\/KavanaghGorozpe\/","article_modified_time":"2024-01-17T15:59:39+00:00","twitter_card":"summary_large_image","twitter_misc":{"Est. reading time":"2 minutes"},"schema":{"@context":"https:\/\/schema.org","@graph":[{"@type":"WebPage","@id":"https:\/\/www.k-g.com.mx\/nuestra-firma\/","url":"https:\/\/www.k-g.com.mx\/nuestra-firma\/","name":"Nuestra Firma - KAVANAGH | GOROZPE","isPartOf":{"@id":"https:\/\/www.k-g.com.mx\/#website"},"datePublished":"2023-08-08T13:48:29+00:00","dateModified":"2024-01-17T15:59:39+00:00","breadcrumb":{"@id":"https:\/\/www.k-g.com.mx\/nuestra-firma\/#breadcrumb"},"inLanguage":"en-US","potentialAction":[{"@type":"ReadAction","target":["https:\/\/www.k-g.com.mx\/nuestra-firma\/"]}]},{"@type":"BreadcrumbList","@id":"https:\/\/www.k-g.com.mx\/nuestra-firma\/#breadcrumb","itemListElement":[{"@type":"ListItem","position":1,"name":"Inicio","item":"https:\/\/www.k-g.com.mx\/"},{"@type":"ListItem","position":2,"name":"Nuestra Firma"}]},{"@type":"WebSite","@id":"https:\/\/www.k-g.com.mx\/#website","url":"https:\/\/www.k-g.com.mx\/","name":"KAVANAGH | GOROZPE","description":"","publisher":{"@id":"https:\/\/www.k-g.com.mx\/#organization"},"potentialAction":[{"@type":"SearchAction","target":{"@type":"EntryPoint","urlTemplate":"https:\/\/www.k-g.com.mx\/?s={search_term_string}"},"query-input":{"@type":"PropertyValueSpecification","valueRequired":true,"valueName":"search_term_string"}}],"inLanguage":"en-US"},{"@type":"Organization","@id":"https:\/\/www.k-g.com.mx\/#organization","name":"Kavanagh Gorozpe","url":"https:\/\/www.k-g.com.mx\/","logo":{"@type":"ImageObject","inLanguage":"en-US","@id":"https:\/\/www.k-g.com.mx\/#\/schema\/logo\/image\/","url":"https:\/\/www.k-g.com.mx\/wp-content\/uploads\/2023\/08\/Grupo-2.svg","contentUrl":"https:\/\/www.k-g.com.mx\/wp-content\/uploads\/2023\/08\/Grupo-2.svg","width":345.626,"height":105.755,"caption":"Kavanagh Gorozpe"},"image":{"@id":"https:\/\/www.k-g.com.mx\/#\/schema\/logo\/image\/"},"sameAs":["https:\/\/www.facebook.com\/KavanaghGorozpe\/","https:\/\/www.linkedin.com\/company\/kavanagh-gorozpe\/","https:\/\/www.instagram.com\/kavanagh.gorozpe\/"]}]}},"_links":{"self":[{"href":"https:\/\/www.k-g.com.mx\/en\/wp-json\/wp\/v2\/pages\/92","targetHints":{"allow":["GET"]}}],"collection":[{"href":"https:\/\/www.k-g.com.mx\/en\/wp-json\/wp\/v2\/pages"}],"about":[{"href":"https:\/\/www.k-g.com.mx\/en\/wp-json\/wp\/v2\/types\/page"}],"author":[{"embeddable":true,"href":"https:\/\/www.k-g.com.mx\/en\/wp-json\/wp\/v2\/users\/1"}],"replies":[{"embeddable":true,"href":"https:\/\/www.k-g.com.mx\/en\/wp-json\/wp\/v2\/comments?post=92"}],"version-history":[{"count":30,"href":"https:\/\/www.k-g.com.mx\/en\/wp-json\/wp\/v2\/pages\/92\/revisions"}],"predecessor-version":[{"id":778,"href":"https:\/\/www.k-g.com.mx\/en\/wp-json\/wp\/v2\/pages\/92\/revisions\/778"}],"wp:attachment":[{"href":"https:\/\/www.k-g.com.mx\/en\/wp-json\/wp\/v2\/media?parent=92"}],"curies":[{"name":"wp","href":"https:\/\/api.w.org\/{rel}","templated":true}]}}